{"id":3303,"date":"2023-12-18T17:32:46","date_gmt":"2023-12-18T16:32:46","guid":{"rendered":"https:\/\/celsahuta.enproceso.es\/?page_id=3303"},"modified":"2025-02-03T11:16:10","modified_gmt":"2025-02-03T10:16:10","slug":"certificates-long-products","status":"publish","type":"page","link":"https:\/\/celsaho.com\/en\/long-products\/certificates-long-products\/","title":{"rendered":"Certificates Long Products"},"content":{"rendered":"\n  <div class=\"banner has-hover\" id=\"banner-376276310\">\n          <div class=\"banner-inner fill\">\n        <div class=\"banner-bg fill\" >\n            <img loading=\"lazy\" decoding=\"async\" width=\"2560\" height=\"1707\" src=\"https:\/\/celsaho.com\/wp-content\/uploads\/2023\/12\/certificates-scaled.jpg\" class=\"bg attachment-original size-original\" alt=\"\" \/>                                    \n                    <\/div>\n\t\t\n        <div class=\"banner-layers container\">\n            <div class=\"fill banner-link\"><\/div>            \n   <div id=\"text-box-274591950\" class=\"text-box banner-layer x50 md-x50 lg-x50 y50 md-y50 lg-y50 res-text\">\n                                <div class=\"text-box-content text dark\">\n              \n              <div class=\"text-inner text-center\">\n                  \n\t<div id=\"text-2840407941\" class=\"text slide-interiores\">\n\t\t\n<p>Long Products<\/p>\n\t\t\t<\/div>\n\t\n              <\/div>\n           <\/div>\n                            \n<style>\n#text-box-274591950 {\n  width: 60%;\n}\n#text-box-274591950 .text-box-content {\n  font-size: 100%;\n}\n<\/style>\n    <\/div>\n \n        <\/div>\n      <\/div>\n\n            \n<style>\n#banner-376276310 {\n  padding-top: 358px;\n}\n#banner-376276310 .banner-bg img {\n  object-position: 54% 33%;\n}\n<\/style>\n  <\/div>\n\n\n\n\t<section class=\"section\" id=\"section_1252269612\">\n\t\t<div class=\"section-bg fill\" >\n\t\t\t\t\t\t\t\t\t\n\t\t\t\n\n\t\t<\/div>\n\n\t\t\n\n\t\t<div class=\"section-content relative\">\n\t\t\t\n\t<div id=\"gap-1697769515\" class=\"gap-element clearfix\" style=\"display:block; height:auto;\">\n\t\t\n<style>\n#gap-1697769515 {\n  padding-top: 45px;\n}\n<\/style>\n\t<\/div>\n\t\n<div class=\"row\"  id=\"row-1395726326\">\n\n\t<div id=\"col-163251451\" class=\"col medium-6 small-12 large-6\"  >\n\t\t\t\t<div class=\"col-inner\"  >\n\t\t\t\n\t\t\t\n\n<span><span><a href=\"https:\/\/celsaho.com\/en\/\">Home<\/a><\/span><\/span>\n\n\t\t<\/div>\n\t\t\t\t\t<\/div>\n\n\t\n\n\t<div id=\"col-585288249\" class=\"col medium-6 small-12 large-6\"  >\n\t\t\t\t<div class=\"col-inner\"  >\n\t\t\t\n\t\t\t\n\t<div id=\"text-1292877170\" class=\"text p3\">\n\t\t\n<p style=\"text-align: right;\"><a href=\"\/long-products\/\">&lt; BACK<\/a><\/p>\n\t\t\t<\/div>\n\t\n\t\t<\/div>\n\t\t\t\t\t<\/div>\n\n\t\n<\/div>\n\t\t<\/div>\n\n\t\t\n<style>\n#section_1252269612 {\n  padding-top: 0px;\n  padding-bottom: 0px;\n}\n<\/style>\n\t<\/section>\n\t\n\n\t<section class=\"section\" id=\"section_402168118\">\n\t\t<div class=\"section-bg fill\" >\n\t\t\t\t\t\t\t\t\t\n\t\t\t\n\n\t\t<\/div>\n\n\t\t\n\n\t\t<div class=\"section-content relative\">\n\t\t\t\n\t<div id=\"gap-1717301810\" class=\"gap-element clearfix\" style=\"display:block; height:auto;\">\n\t\t\n<style>\n#gap-1717301810 {\n  padding-top: 34px;\n}\n<\/style>\n\t<\/div>\n\t\n<div class=\"row\"  id=\"row-1262341634\">\n\n\t<div id=\"col-1716324177\" class=\"col small-12 large-12\"  >\n\t\t\t\t<div class=\"col-inner\"  >\n\t\t\t\n\t<div class=\"is-border\"\n\t\tstyle=\"border-width:0px 0px 0px 0px;\">\n\t<\/div>\n\t\t\t\n<h1>Certificates<\/h1>\n\t\t<\/div>\n\t\t\t\t\n<style>\n#col-1716324177 > .col-inner {\n  padding: 0px 0px 0px 0px;\n}\n<\/style>\n\t<\/div>\n\n\t\n\n<style>\n#row-1262341634 > .col > .col-inner {\n  padding: 0px 0px 0px 0px;\n}\n<\/style>\n<\/div>\n\t<div id=\"gap-1693761089\" class=\"gap-element clearfix\" style=\"display:block; height:auto;\">\n\t\t\n<style>\n#gap-1693761089 {\n  padding-top: 50px;\n}\n@media (min-width:550px) {\n  #gap-1693761089 {\n    padding-top: 30px;\n  }\n}\n<\/style>\n\t<\/div>\n\t\n<div class=\"row\"  id=\"row-1189963301\">\n\n\t<div id=\"col-1891305767\" class=\"col small-12 large-12\"  >\n\t\t\t\t<div class=\"col-inner\"  >\n\t\t\t\n\t\t\t\n<div class=\"listado_wrapper\"><h2> Certicates Long products<\/h2><div class=\"listado_row\"><div class=\"listado_element\"><a href=\"https:\/\/celsaho.com\/wp-content\/uploads\/2023\/12\/CZ_204_C5_2012_070_039039-Prety-8-32-gat-B500B-wg-CSN.pdf\" target=\"_BLANK\">CZ_204_C5_2012_070_039039 &#8211; Pr\u0119ty 8-32 gat B500B wg CSN<\/a><\/div><\/div><div class=\"listado_row\"><div class=\"listado_element\"><a href=\"https:\/\/celsaho.com\/wp-content\/uploads\/2023\/12\/CZ_204_C5_2019_070_056868-Walcowka-10-20-gat-B500B-wg-CSN.pdf\" target=\"_BLANK\">CZ_204_C5_2019_070_056868 &#8211; Walc\u00f3wka 10-20 gat B500B wg CSN<\/a><\/div><\/div><div class=\"listado_row\"><div class=\"listado_element\"><a href=\"https:\/\/celsaho.com\/wp-content\/uploads\/2023\/12\/CZ_204_C5_2022_070_056803-Walcowka-10-20-gat-B500B-wg-STO.pdf\" target=\"_BLANK\">CZ_204_C5_2022_070_056803 &#8211; Walc\u00f3wka 10-20 gat B500B wg STO<\/a><\/div><\/div><div class=\"listado_row\"><div class=\"listado_element\"><a href=\"https:\/\/celsaho.com\/wp-content\/uploads\/2023\/12\/DE_Cert-Nr-UZ-1.0_11-001-1-prety-zebrow-8-32-gat-B500B-wg-DIN.pdf\" target=\"_BLANK\">DE_Cert Nr UZ 1.0_11 &#8211; 001 &#8211; 1 pr\u0119ty \u017cebrow 8-32 gat B500B wg DIN<\/a><\/div><\/div><div class=\"listado_row\"><div class=\"listado_element\"><a href=\"https:\/\/celsaho.com\/wp-content\/uploads\/2023\/12\/DE_Cert-Nr-UZ-1.2-23-106-23-001-1-walcowka-zebrow-10_12_14_16-gat-B500B-uzebrow.-klasy-B-wg-Z-1.2-278.pdf\" target=\"_BLANK\">DE_Cert Nr \u00dcZ 1.2-23-106-23-001-1 &#8211; walc\u00f3wka \u017cebrow 10_12_14_16 gat B500B (u\u017cebrow. klasy B) wg Z-1.2-278<\/a><\/div><\/div><div class=\"listado_row\"><div class=\"listado_element\"><a href=\"https:\/\/celsaho.com\/wp-content\/uploads\/2023\/12\/DE_Cert-Nr-UZ-1.-2_23-106-1_24-001-1-1-walcowka-zebrow-10_12_14_16-gat-B500B-uzebrow.-klasy-C-wg-Z-1.2-264.pdf\" target=\"_BLANK\">DE_Cert Nr \u00dcZ 1. 2_23-106-1_24-001-1-1 walc\u00f3wka \u017cebrow 10_12_14_16 gat B500B (u\u017cebrow. klasy C) wg Z-1.2-264<\/a><\/div><\/div><div class=\"listado_row\"><div class=\"listado_element\"><a href=\"https:\/\/celsaho.com\/wp-content\/uploads\/2023\/12\/HU_Cert-Nr-20-CPR-115-C-4-2007_2021.12.13_English_Magyar-bars-B500B.pdf\" target=\"_BLANK\">HU_Cert Nr 20-CPR-115-C-4-2007_2021.12.13_English_Magyar bars  B500B<\/a><\/div><\/div><div class=\"listado_row\"><div class=\"listado_element\"><a href=\"https:\/\/celsaho.com\/wp-content\/uploads\/2023\/12\/HU_Cert-Nr-20-CPR-248-C-4-2007_2020.02.05_English_Magyar-bars-B500SP.pdf\" target=\"_BLANK\">HU_Cert Nr 20-CPR-248-C-4-2007_2020.02.05_English_Magyar bars  B500SP<\/a><\/div><\/div><div class=\"listado_row\"><div class=\"listado_element\"><a href=\"https:\/\/celsaho.com\/wp-content\/uploads\/2023\/12\/HU_Cert-Nr-20-CPR-249-C-4-2007_2020.02.05_English_Magyar-coils-CELSAMAX-B500SP.pdf\" target=\"_BLANK\">HU_Cert Nr 20-CPR-249-C-4-2007_2020.02.05_English_Magyar coils CELSAMAX B500SP<\/a><\/div><\/div><div class=\"listado_row\"><div class=\"listado_element\"><a href=\"https:\/\/celsaho.com\/wp-content\/uploads\/2023\/12\/LT_Cert-Nr-SPSC-9278-walcowka-zebrowana-10-20-gat-CELSAMAX-B500SP_ang_2023.pdf\" target=\"_BLANK\">LT_Cert Nr SPSC 9278 walc\u00f3wka \u017cebrowana 10-20 gat CELSAMAX B500SP_ang_2023<\/a><\/div><\/div><div class=\"listado_row\"><div class=\"listado_element\"><a href=\"https:\/\/celsaho.com\/wp-content\/uploads\/2023\/12\/LT_Cert-Nr-SPSC-9278-walcowka-zebrowana-10-20-gat-CELSAMAX-B500SP_litew_2023.pdf\" target=\"_BLANK\">LT_Cert Nr SPSC-9278 walc\u00f3wka \u017cebrowana 10-20 gat CELSAMAX B500SP_litew_2023<\/a><\/div><\/div><div class=\"listado_row\"><div class=\"listado_element\"><a href=\"https:\/\/celsaho.com\/wp-content\/uploads\/2023\/12\/NL_Cert-Nr-K24244_05-prety-zebrow-10-32-gat-B500B.pdf\" target=\"_BLANK\">NL_Cert Nr K24244_05 pr\u0119ty \u017cebrow 10-32 gat B500B<\/a><\/div><\/div><div class=\"listado_row\"><div class=\"listado_element\"><a href=\"https:\/\/celsaho.com\/wp-content\/uploads\/2023\/12\/PL_SustSteel-Certifikate-No-ES121687-1-EN.pdf\" target=\"_BLANK\">PL_SustSteel Certifikate No ES121687-1 EN<\/a><\/div><\/div><div class=\"listado_row\"><div class=\"listado_element\"><a href=\"https:\/\/celsaho.com\/wp-content\/uploads\/2023\/12\/SK_Cert-Nr-SK04-ZSV-1943_walcowka-zebrow-10_12_14_16_20-gat-CELSAMAX-B500SP.pdf\" target=\"_BLANK\">SK_Cert Nr SK04-ZSV-1943_walc\u00f3wka \u017cebrow 10_12_14_16_20 gat CELSAMAX B500SP<\/a><\/div><\/div><div class=\"listado_row\"><div class=\"listado_element\"><a href=\"https:\/\/celsaho.com\/wp-content\/uploads\/2023\/12\/SK_Cert-Nr-SK04-ZSV-2338_prety-zebrowane-8-32-gat-B500SP-i-B500B.pdf\" target=\"_BLANK\">SK_Cert Nr SK04-ZSV-2338_pr\u0119ty \u017cebrowane 8-32 gat B500SP i B500B<\/a><\/div><\/div><div class=\"listado_row\"><div class=\"listado_element\"><a href=\"https:\/\/celsaho.com\/wp-content\/uploads\/2023\/12\/SK_Cert-Nr-SK04-ZSV-2835_walcowka-zebrow-10_12_14_16_20-gat-B500B.pdf\" target=\"_BLANK\">SK_Cert Nr SK04-ZSV-2835_walc\u00f3wka \u017cebrow 10_12_14_16_20 gat B500B<\/a><\/div><\/div><div class=\"listado_row\"><div class=\"listado_element\"><a href=\"https:\/\/celsaho.com\/wp-content\/uploads\/2025\/02\/UA_Cert-nr-UA.GS_.230.001-23-prety-zebrow-10-32-gat-B500SP_A500E_-B500B-_A500C-wg-DSTU-3760_2019.pdf\" target=\"_BLANK\">UA_Cert nr UA.GS.230.001-23 pr\u0119ty \u017cebrow 10-32 gat B500SP_A500E_ B500B _A500C wg DSTU 3760_2019<\/a><\/div><\/div><div class=\"listado_row\"><div class=\"listado_element\"><a href=\"https:\/\/celsaho.com\/wp-content\/uploads\/2025\/02\/UA_Cert-nr-UA.GS_.230.001-23-prety-zebrow-10-32-gat-B500SP_A500E_-B500B-_A500C-wg-DSTU-3760_2019_EN.pdf\" target=\"_BLANK\">UA_Cert nr UA.GS.230.001-23 pr\u0119ty \u017cebrow 10-32 gat B500SP_A500E_ B500B _A500C wg DSTU 3760_2019_EN<\/a><\/div><\/div><div class=\"listado_row\"><div class=\"listado_element\"><a href=\"https:\/\/celsaho.com\/wp-content\/uploads\/2025\/07\/PL_Nr-009-UWB-283-gat-B500SN.pdf\" target=\"_BLANK\">PL_Nr-009-UWB-283-gat-B500SN<\/a><\/div><\/div><div class=\"listado_row\"><div class=\"listado_element\"><a href=\"https:\/\/celsaho.com\/wp-content\/uploads\/2025\/07\/PL_NR-009-UWB_288-gat-B600B.pdf\" target=\"_BLANK\">PL_NR 009-UWB_288 gat B600B<\/a><\/div><\/div><div class=\"listado_row\"><div class=\"listado_element\"><a href=\"https:\/\/celsaho.com\/wp-content\/uploads\/2025\/07\/LT_Cert-Nr-SPSC-8139B-prety-zebrowane-8-32-gat-B500SP_litew.pdf\" target=\"_BLANK\">LT_Cert Nr SPSC-8139B pr\u0119ty \u017cebrowane 8-32 gat B500SP_litew<\/a><\/div><\/div><div class=\"listado_row\"><div class=\"listado_element\"><a href=\"https:\/\/celsaho.com\/wp-content\/uploads\/2025\/07\/LT_Cert-Nr-SPSC-8139B-prety-zebrowane-8-32-gat-B500SP_ang.pdf\" target=\"_BLANK\">LT_Cert Nr SPSC-8139B pr\u0119ty \u017cebrowane 8-32 gat B500SP_ang<\/a><\/div><\/div><div class=\"listado_row\"><div class=\"listado_element\"><a href=\"https:\/\/celsaho.com\/wp-content\/uploads\/2025\/07\/PL_Nr-009-UWB-311-gat-B500SP.pdf\" target=\"_BLANK\">PL_Nr 009-UWB-311 gat B500SP<\/a><\/div><\/div><div class=\"listado_row\"><div class=\"listado_element\"><a href=\"https:\/\/celsaho.com\/wp-content\/uploads\/2025\/07\/PL_NR-009-UWB-289-gat-B600B-.pdf\" target=\"_BLANK\">PL_NR 009-UWB-289 gat B600B<\/a><\/div><\/div><div class=\"listado_row\"><div class=\"listado_element\"><a href=\"https:\/\/celsaho.com\/wp-content\/uploads\/2025\/07\/PL_Nr-1458_CPR_FPC_281-wersja-PL.pdf\" target=\"_BLANK\">PL_Nr 1458_CPR_FPC_281 wersja PL<\/a><\/div><\/div><div class=\"listado_row\"><div class=\"listado_element\"><a href=\"https:\/\/celsaho.com\/wp-content\/uploads\/2025\/07\/PL_Nr-1458_CPR_FPC_281-wersja-PL_aneks-1-315-2025-.pdf\" target=\"_BLANK\">PL_Nr 1458_CPR_FPC_281 wersja PL_aneks 1 315 2025<\/a><\/div><\/div><div class=\"listado_row\"><div class=\"listado_element\"><a href=\"https:\/\/celsaho.com\/wp-content\/uploads\/2025\/10\/UK_0038_CPR_PRJ11100394887_wersja-EN-1.pdf\" target=\"_BLANK\">UK_0038_CPR_PRJ11100394887_wersja EN<\/a><\/div><\/div><div class=\"listado_row\"><div class=\"listado_element\"><a href=\"https:\/\/celsaho.com\/wp-content\/uploads\/2026\/01\/AU_Cert-Nr-180102_walcowka-zebrowana-10_12_16_20-gat-D500N_2026-1.pdf\" target=\"_BLANK\">AU_Cert Nr 180102_walc\u00f3wka \u017cebrowana 10_12_16_20 gat D500N_2026<\/a><\/div><\/div><div class=\"listado_row\"><div class=\"listado_element\"><a href=\"https:\/\/celsaho.com\/wp-content\/uploads\/2026\/01\/CPJS-EP_01-2026-eng.pdf\" target=\"_BLANK\">CPJS-EP_01 &#8211; 2026<\/a><\/div><\/div><div class=\"listado_row\"><div class=\"listado_element\"><a href=\"https:\/\/celsaho.com\/wp-content\/uploads\/2026\/03\/DE_-Cert-Nr-UZ-1_0_22_001_10-prety-zebrow-10_12_14_16_20_25_32-gat-B500B-uzebrow.-klasy-C-wg-Z-1.1-235.pdf\" target=\"_BLANK\">DE_ Cert Nr \u00dcZ 1_0_22_001_10 &#8211; pr\u0119ty \u017cebrow 10_12_14_16_20_25_32 gat B500B (u\u017cebrow. klasy C) wg Z-1.1-235<\/a><\/div><\/div><div class=\"listado_row\"><div class=\"listado_element\"><a href=\"https:\/\/celsaho.com\/wp-content\/uploads\/2026\/03\/SE_Cert-Nr-0805-prety-zebrow-8-32-gat-K500B-T-i-K500C-T-B550B-B500B-B500C-B500NCB500NB-oraz-walcowka-zebrow-10-20-gat-K500B-TR-i-K500C-TR-B500NC.pdf\" target=\"_BLANK\">SE_Cert Nr 0805 prety \u017cebrow 8-32 gat K500B-T i K500C-T, B550B, B500B, B500C, B500NC,B500NB oraz walc\u00f3wka \u017cebrow 10-20 gat K500B-TR i K500C-TR , B500NC<\/a><\/div><\/div><div class=\"listado_row\"><div class=\"listado_element\"><a href=\"https:\/\/celsaho.com\/wp-content\/uploads\/2026\/03\/CZ_204_C5_2023_070-062676-Prety-10-32-gat-B500SP-wg-STO.pdf\" target=\"_BLANK\">CZ_204_C5_2023_070-062676 &#8211; Pr\u0119ty 10-32 gat B500SP wg STO<\/a><\/div><\/div><div class=\"listado_row\"><div class=\"listado_element\"><a href=\"https:\/\/celsaho.com\/wp-content\/uploads\/2026\/03\/CZ_204_C5_2023_070-062731-Walcowka-10-20-gat-CELSAMAX-B500SP-wg-STO.pdf\" target=\"_BLANK\">CZ_204_C5_2023_070-062731 &#8211; Walc\u00f3wka 10-20 gat CELSAMAX B500SP wg STO<\/a><\/div><\/div><div class=\"listado_row\"><div class=\"listado_element\"><a href=\"https:\/\/celsaho.com\/wp-content\/uploads\/2026\/03\/CZ_204_C5_2020_070-057153-Prety-8-32-gat-B500B_B500SN-wg-STO.pdf\" target=\"_BLANK\">CZ_204_C5_2020_070-057153 &#8211; Pr\u0119ty 8-32 gat B500B_B500SN wg STO<\/a><\/div><\/div><div class=\"listado_row\"><div class=\"listado_element\"><a href=\"https:\/\/celsaho.com\/wp-content\/uploads\/2026\/03\/PL_Nr-009-UWB-282-gat-B500SP.pdf\" target=\"_BLANK\">PL_Nr 009-UWB-282 gat B500SP<\/a><\/div><\/div><\/div>\n\t<div id=\"gap-31137848\" class=\"gap-element clearfix\" style=\"display:block; height:auto;\">\n\t\t\n<style>\n#gap-31137848 {\n  padding-top: 50px;\n}\n<\/style>\n\t<\/div>\n\t\n<div class=\"listado_wrapper\"><h2> Laboratory Accreditation Certificate for Long products<\/h2><div class=\"listado_row\"><div class=\"listado_element\"><a href=\"https:\/\/celsaho.com\/wp-content\/uploads\/2023\/12\/Accreditation-certificate-No-AB019.pdf\" target=\"_BLANK\">PL_Certyfikat akredytacji AB 019<\/a><\/div><\/div><div class=\"listado_row\"><div class=\"listado_element\"><a href=\"https:\/\/celsaho.com\/wp-content\/uploads\/2023\/12\/PL_Certyfikat-akredytacji-AB-018.pdf\" target=\"_BLANK\">PL_Certyfikat akredytacji AB 018<\/a><\/div><\/div><div class=\"listado_row\"><div class=\"listado_element\"><a href=\"https:\/\/celsaho.com\/wp-content\/uploads\/2023\/12\/PL_Certyfikat-akredytacji-AB-812.pdf\" target=\"_BLANK\">PL_Certyfikat akredytacji AB 812<\/a><\/div><\/div><\/div>\n\t<div id=\"gap-1335468382\" class=\"gap-element clearfix\" style=\"display:block; height:auto;\">\n\t\t\n<style>\n#gap-1335468382 {\n  padding-top: 50px;\n}\n<\/style>\n\t<\/div>\n\t\n<div class=\"listado_wrapper\"><h2> ISO CHO Certificates<\/h2><div class=\"listado_row\"><div class=\"listado_element\"><a href=\"https:\/\/celsaho.com\/wp-content\/uploads\/2025\/02\/20288898-50001-CELSA-HUTA-OSTROWIEC-Sp-zoo-english.pdf\" target=\"_BLANK\">PL_ ISO 50001:2018 No ES148466-1 EN<\/a><\/div><\/div><div class=\"listado_row\"><div class=\"listado_element\"><a href=\"https:\/\/celsaho.com\/wp-content\/uploads\/2025\/02\/20288898-50001-CELSA-HUTA-OSTROWIEC-Sp-zoo-polish.pdf\" target=\"_BLANK\">PL_ ISO 50001:2018 No ES148466-1 PL<\/a><\/div><\/div><div class=\"listado_row\"><div class=\"listado_element\"><a href=\"https:\/\/celsaho.com\/wp-content\/uploads\/2025\/02\/20289235-UKAS-45001-CELSA-HUTA-OSTROWIEC-Sp-zoo-Certificate-Multisite-4.1-English.pdf\" target=\"_BLANK\">PL_ISO 45001_2018 No ES148310 EN<\/a><\/div><\/div><div class=\"listado_row\"><div class=\"listado_element\"><a href=\"https:\/\/celsaho.com\/wp-content\/uploads\/2025\/02\/20289235-UKAS-45001-CELSA-HUTA-OSTROWIEC-Sp-zoo-Certificate-Multisite-4.1-Polish.pdf\" target=\"_BLANK\">PL_ISO 45001_2018 No ES148310 PL<\/a><\/div><\/div><div class=\"listado_row\"><div class=\"listado_element\"><a href=\"https:\/\/celsaho.com\/wp-content\/uploads\/2025\/02\/20289235-UKAS-14001-CELSA-HUTA-OSTROWIEC-Sp-zoo-Certificate-Multisite-4.1-Polish.pdf\" target=\"_BLANK\">PL_ISO 14001_2015 No ES147380 PL<\/a><\/div><\/div><div class=\"listado_row\"><div class=\"listado_element\"><a href=\"https:\/\/celsaho.com\/wp-content\/uploads\/2025\/02\/20289235-UKAS-14001-CELSA-HUTA-OSTROWIEC-Sp-zoo-Certificate-Multisite-4.1-English.pdf\" target=\"_BLANK\">PL_ISO 14001_2015 No ES147380 EN<\/a><\/div><\/div><div class=\"listado_row\"><div class=\"listado_element\"><a href=\"https:\/\/celsaho.com\/wp-content\/uploads\/2025\/02\/20289235-UKAS-9001-CELSA-HUTA-OSTROWIEC-Sp-zoo-Certificate-Multisite-4.1-English.pdf\" target=\"_BLANK\">PL_ISO 9001_2015 No ES147381 EN<\/a><\/div><\/div><div class=\"listado_row\"><div class=\"listado_element\"><a href=\"https:\/\/celsaho.com\/wp-content\/uploads\/2025\/02\/20289235-UKAS-9001-CELSA-HUTA-OSTROWIEC-Sp-zoo-Certificate-Multisite-4.1-Polish.pdf\" target=\"_BLANK\">PL_ISO 9001_2015 No ES147381 PL<\/a><\/div><\/div><div class=\"listado_row\"><div class=\"listado_element\"><a href=\"https:\/\/celsaho.com\/wp-content\/uploads\/2026\/02\/CELSA-HUTA-Circular-Economy-certificate-23211962-_-EN_-v2.pdf\" target=\"_BLANK\">CELSA HUTA &#8211; Circular Economy certificate &#8211; 23211962 _ EN_ v2<\/a><\/div><\/div><div class=\"listado_row\"><div class=\"listado_element\"><a href=\"https:\/\/celsaho.com\/wp-content\/uploads\/2026\/02\/BV-Verification-Statement-2024-CELSA-HUTA-Clean-Energy-January-2025-Rev-0_signed.pdf\" target=\"_BLANK\">BV Verification Statement 2024 &#8211; CELSA HUTA &#8211; Clean Energy &#8211; January 2025 Rev 0_signed<\/a><\/div><\/div><\/div>\n\t\t<\/div>\n\t\t\t\t\t<\/div>\n\n\t\n<\/div>\n\t\t<\/div>\n\n\t\t\n<style>\n#section_402168118 {\n  padding-top: 0px;\n  padding-bottom: 0px;\n}\n<\/style>\n\t<\/section>\n\t\n\t<div id=\"gap-1320555148\" class=\"gap-element clearfix\" style=\"display:block; height:auto;\">\n\t\t\n<style>\n#gap-1320555148 {\n  padding-top: 100px;\n}\n<\/style>\n\t<\/div>\n\t\n","protected":false},"excerpt":{"rendered":"","protected":false},"author":1,"featured_media":0,"parent":398,"menu_order":0,"comment_status":"closed","ping_status":"closed","template":"page-transparent-header.php","meta":{"_acf_changed":false,"footnotes":""},"class_list":["post-3303","page","type-page","status-publish","hentry"],"acf":[],"yoast_head":"<!-- This site is optimized with the Yoast SEO plugin v27.1.1 - https:\/\/yoast.com\/product\/yoast-seo-wordpress\/ -->\n<title>Certificates Long Products - CELSA Huta Ostrowiec<\/title>\n<meta name=\"robots\" content=\"index, follow, max-snippet:-1, max-image-preview:large, max-video-preview:-1\" \/>\n<link rel=\"canonical\" href=\"https:\/\/celsaho.com\/en\/long-products\/certificates-long-products\/\" \/>\n<meta property=\"og:locale\" content=\"en_US\" \/>\n<meta property=\"og:type\" content=\"article\" \/>\n<meta property=\"og:title\" content=\"Certificates Long Products - CELSA Huta Ostrowiec\" \/>\n<meta property=\"og:url\" content=\"https:\/\/celsaho.com\/en\/long-products\/certificates-long-products\/\" \/>\n<meta property=\"og:site_name\" content=\"CELSA Huta Ostrowiec\" \/>\n<meta property=\"article:modified_time\" content=\"2025-02-03T10:16:10+00:00\" \/>\n<meta name=\"twitter:card\" content=\"summary_large_image\" \/>\n<meta name=\"twitter:label1\" content=\"Est. reading time\" \/>\n\t<meta name=\"twitter:data1\" content=\"3 minutes\" \/>\n<script type=\"application\/ld+json\" class=\"yoast-schema-graph\">{\"@context\":\"https:\/\/schema.org\",\"@graph\":[{\"@type\":\"WebPage\",\"@id\":\"https:\/\/celsaho.com\/en\/long-products\/certificates-long-products\/\",\"url\":\"https:\/\/celsaho.com\/en\/long-products\/certificates-long-products\/\",\"name\":\"Certificates Long Products - CELSA Huta Ostrowiec\",\"isPartOf\":{\"@id\":\"https:\/\/celsaho.com\/en\/#website\"},\"datePublished\":\"2023-12-18T16:32:46+00:00\",\"dateModified\":\"2025-02-03T10:16:10+00:00\",\"breadcrumb\":{\"@id\":\"https:\/\/celsaho.com\/en\/long-products\/certificates-long-products\/#breadcrumb\"},\"inLanguage\":\"en-US\",\"potentialAction\":[{\"@type\":\"ReadAction\",\"target\":[\"https:\/\/celsaho.com\/en\/long-products\/certificates-long-products\/\"]}]},{\"@type\":\"BreadcrumbList\",\"@id\":\"https:\/\/celsaho.com\/en\/long-products\/certificates-long-products\/#breadcrumb\",\"itemListElement\":[{\"@type\":\"ListItem\",\"position\":1,\"name\":\"Home\",\"item\":\"https:\/\/celsaho.com\/en\/\"},{\"@type\":\"ListItem\",\"position\":2,\"name\":\"Long products\",\"item\":\"https:\/\/celsaho.com\/en\/long-products\/\"},{\"@type\":\"ListItem\",\"position\":3,\"name\":\"Certificates Long Products\"}]},{\"@type\":\"WebSite\",\"@id\":\"https:\/\/celsaho.com\/en\/#website\",\"url\":\"https:\/\/celsaho.com\/en\/\",\"name\":\"CELSA Huta Ostrowiec\",\"description\":\"\",\"potentialAction\":[{\"@type\":\"SearchAction\",\"target\":{\"@type\":\"EntryPoint\",\"urlTemplate\":\"https:\/\/celsaho.com\/en\/?s={search_term_string}\"},\"query-input\":{\"@type\":\"PropertyValueSpecification\",\"valueRequired\":true,\"valueName\":\"search_term_string\"}}],\"inLanguage\":\"en-US\"}]}<\/script>\n<!-- \/ Yoast SEO plugin. -->","yoast_head_json":{"title":"Certificates Long Products - CELSA Huta Ostrowiec","robots":{"index":"index","follow":"follow","max-snippet":"max-snippet:-1","max-image-preview":"max-image-preview:large","max-video-preview":"max-video-preview:-1"},"canonical":"https:\/\/celsaho.com\/en\/long-products\/certificates-long-products\/","og_locale":"en_US","og_type":"article","og_title":"Certificates Long Products - CELSA Huta Ostrowiec","og_url":"https:\/\/celsaho.com\/en\/long-products\/certificates-long-products\/","og_site_name":"CELSA Huta Ostrowiec","article_modified_time":"2025-02-03T10:16:10+00:00","twitter_card":"summary_large_image","twitter_misc":{"Est. reading time":"3 minutes"},"schema":{"@context":"https:\/\/schema.org","@graph":[{"@type":"WebPage","@id":"https:\/\/celsaho.com\/en\/long-products\/certificates-long-products\/","url":"https:\/\/celsaho.com\/en\/long-products\/certificates-long-products\/","name":"Certificates Long Products - CELSA Huta Ostrowiec","isPartOf":{"@id":"https:\/\/celsaho.com\/en\/#website"},"datePublished":"2023-12-18T16:32:46+00:00","dateModified":"2025-02-03T10:16:10+00:00","breadcrumb":{"@id":"https:\/\/celsaho.com\/en\/long-products\/certificates-long-products\/#breadcrumb"},"inLanguage":"en-US","potentialAction":[{"@type":"ReadAction","target":["https:\/\/celsaho.com\/en\/long-products\/certificates-long-products\/"]}]},{"@type":"BreadcrumbList","@id":"https:\/\/celsaho.com\/en\/long-products\/certificates-long-products\/#breadcrumb","itemListElement":[{"@type":"ListItem","position":1,"name":"Home","item":"https:\/\/celsaho.com\/en\/"},{"@type":"ListItem","position":2,"name":"Long products","item":"https:\/\/celsaho.com\/en\/long-products\/"},{"@type":"ListItem","position":3,"name":"Certificates Long Products"}]},{"@type":"WebSite","@id":"https:\/\/celsaho.com\/en\/#website","url":"https:\/\/celsaho.com\/en\/","name":"CELSA Huta Ostrowiec","description":"","potentialAction":[{"@type":"SearchAction","target":{"@type":"EntryPoint","urlTemplate":"https:\/\/celsaho.com\/en\/?s={search_term_string}"},"query-input":{"@type":"PropertyValueSpecification","valueRequired":true,"valueName":"search_term_string"}}],"inLanguage":"en-US"}]}},"_links":{"self":[{"href":"https:\/\/celsaho.com\/en\/wp-json\/wp\/v2\/pages\/3303","targetHints":{"allow":["GET"]}}],"collection":[{"href":"https:\/\/celsaho.com\/en\/wp-json\/wp\/v2\/pages"}],"about":[{"href":"https:\/\/celsaho.com\/en\/wp-json\/wp\/v2\/types\/page"}],"author":[{"embeddable":true,"href":"https:\/\/celsaho.com\/en\/wp-json\/wp\/v2\/users\/1"}],"replies":[{"embeddable":true,"href":"https:\/\/celsaho.com\/en\/wp-json\/wp\/v2\/comments?post=3303"}],"version-history":[{"count":15,"href":"https:\/\/celsaho.com\/en\/wp-json\/wp\/v2\/pages\/3303\/revisions"}],"predecessor-version":[{"id":4460,"href":"https:\/\/celsaho.com\/en\/wp-json\/wp\/v2\/pages\/3303\/revisions\/4460"}],"up":[{"embeddable":true,"href":"https:\/\/celsaho.com\/en\/wp-json\/wp\/v2\/pages\/398"}],"wp:attachment":[{"href":"https:\/\/celsaho.com\/en\/wp-json\/wp\/v2\/media?parent=3303"}],"curies":[{"name":"wp","href":"https:\/\/api.w.org\/{rel}","templated":true}]}}