{"id":3316,"date":"2023-12-21T15:34:32","date_gmt":"2023-12-21T14:34:32","guid":{"rendered":"https:\/\/celsahuta.enproceso.es\/?page_id=3316"},"modified":"2024-01-03T12:54:34","modified_gmt":"2024-01-03T11:54:34","slug":"national-technical-assessments","status":"publish","type":"page","link":"https:\/\/celsaho.com\/en\/long-products\/national-technical-assessments\/","title":{"rendered":"National Technical Assessments"},"content":{"rendered":"\n  <div class=\"banner has-hover\" id=\"banner-83685392\">\n          <div class=\"banner-inner fill\">\n        <div class=\"banner-bg fill\" >\n            <img loading=\"lazy\" decoding=\"async\" width=\"2560\" height=\"1707\" src=\"https:\/\/celsaho.com\/wp-content\/uploads\/2023\/12\/certificates-scaled.jpg\" class=\"bg attachment-original size-original\" alt=\"\" \/>                                    \n                    <\/div>\n\t\t\n        <div class=\"banner-layers container\">\n            <div class=\"fill banner-link\"><\/div>            \n   <div id=\"text-box-1941578895\" class=\"text-box banner-layer x50 md-x50 lg-x50 y95 md-y95 lg-y95 res-text\">\n                                <div class=\"text-box-content text dark\">\n              \n              <div class=\"text-inner text-center\">\n                  \n\t<div id=\"text-3143455308\" class=\"text slide-interiores\">\n\t\t\n<p>National Technical Assessments<\/p>\n\t\t\t<\/div>\n\t\n              <\/div>\n           <\/div>\n                            \n<style>\n#text-box-1941578895 {\n  width: 60%;\n}\n#text-box-1941578895 .text-box-content {\n  font-size: 100%;\n}\n<\/style>\n    <\/div>\n \n        <\/div>\n      <\/div>\n\n            \n<style>\n#banner-83685392 {\n  padding-top: 358px;\n}\n#banner-83685392 .banner-bg img {\n  object-position: 54% 33%;\n}\n<\/style>\n  <\/div>\n\n\n\n\t<section class=\"section\" id=\"section_1418129708\">\n\t\t<div class=\"section-bg fill\" >\n\t\t\t\t\t\t\t\t\t\n\t\t\t\n\n\t\t<\/div>\n\n\t\t\n\n\t\t<div class=\"section-content relative\">\n\t\t\t\n\t<div id=\"gap-57410473\" class=\"gap-element clearfix\" style=\"display:block; height:auto;\">\n\t\t\n<style>\n#gap-57410473 {\n  padding-top: 45px;\n}\n<\/style>\n\t<\/div>\n\t\n<div class=\"row\"  id=\"row-1378988648\">\n\n\t<div id=\"col-624874292\" class=\"col medium-6 small-12 large-6\"  >\n\t\t\t\t<div class=\"col-inner\"  >\n\t\t\t\n\t\t\t\n\n<span><span><a href=\"https:\/\/celsaho.com\/en\/\">Home<\/a><\/span><\/span>\n\n\t\t<\/div>\n\t\t\t\t\t<\/div>\n\n\t\n\n\t<div id=\"col-486695759\" class=\"col medium-6 small-12 large-6\"  >\n\t\t\t\t<div class=\"col-inner\"  >\n\t\t\t\n\t\t\t\n\t<div id=\"text-3368907571\" class=\"text p3\">\n\t\t\n<p style=\"text-align: right;\"><a href=\"\/long-products\/\">&lt; BACK<\/a><\/p>\n\t\t\t<\/div>\n\t\n\t\t<\/div>\n\t\t\t\t\t<\/div>\n\n\t\n<\/div>\n\t\t<\/div>\n\n\t\t\n<style>\n#section_1418129708 {\n  padding-top: 0px;\n  padding-bottom: 0px;\n}\n<\/style>\n\t<\/section>\n\t\n\n\t<section class=\"section\" id=\"section_1368506800\">\n\t\t<div class=\"section-bg fill\" >\n\t\t\t\t\t\t\t\t\t\n\t\t\t\n\n\t\t<\/div>\n\n\t\t\n\n\t\t<div class=\"section-content relative\">\n\t\t\t\n\t<div id=\"gap-2089355244\" class=\"gap-element clearfix\" style=\"display:block; height:auto;\">\n\t\t\n<style>\n#gap-2089355244 {\n  padding-top: 34px;\n}\n<\/style>\n\t<\/div>\n\t\n<div class=\"row\"  id=\"row-207973677\">\n\n\t<div id=\"col-1747388108\" class=\"col small-12 large-12\"  >\n\t\t\t\t<div class=\"col-inner\"  >\n\t\t\t\n\t<div class=\"is-border\"\n\t\tstyle=\"border-width:0px 0px 0px 0px;\">\n\t<\/div>\n\t\t\t\n<h1>National Technical Assessments<\/h1>\n\t\t<\/div>\n\t\t\t\t\n<style>\n#col-1747388108 > .col-inner {\n  padding: 0px 0px 0px 0px;\n}\n<\/style>\n\t<\/div>\n\n\t\n\n<style>\n#row-207973677 > .col > .col-inner {\n  padding: 0px 0px 0px 0px;\n}\n<\/style>\n<\/div>\n\t<div id=\"gap-1551697124\" class=\"gap-element clearfix\" style=\"display:block; height:auto;\">\n\t\t\n<style>\n#gap-1551697124 {\n  padding-top: 50px;\n}\n@media (min-width:550px) {\n  #gap-1551697124 {\n    padding-top: 30px;\n  }\n}\n<\/style>\n\t<\/div>\n\t\n<div class=\"row\"  id=\"row-549337455\">\n\n\t<div id=\"col-151472826\" class=\"col small-12 large-12\"  >\n\t\t\t\t<div class=\"col-inner\"  >\n\t\t\t\n\t\t\t\n<div class=\"listado_wrapper\"><h2> National Technical Assessments<\/h2><div class=\"listado_row\"><div class=\"listado_element\"><a href=\"https:\/\/celsaho.com\/wp-content\/uploads\/2023\/12\/CZ_Rozhodnuti-Prety-B500B_B500SN-wg-STO_2020.pdf\" target=\"_BLANK\">CZ_Rozhodnuti &#8211; Pr\u0119ty B500B_B500SN wg STO_2020<\/a><\/div><\/div><div class=\"listado_row\"><div class=\"listado_element\"><a href=\"https:\/\/celsaho.com\/wp-content\/uploads\/2023\/12\/CZ_Rozhodnuti-Prety-B500SP-wg-STO_2020.pdf\" target=\"_BLANK\">CZ_Rozhodnuti &#8211; Pr\u0119ty B500SP wg STO_2020<\/a><\/div><\/div><div class=\"listado_row\"><div class=\"listado_element\"><a href=\"https:\/\/celsaho.com\/wp-content\/uploads\/2023\/12\/CZ_Rozhodnuti-Walcowka-CELSAMAX-B500SP-wg-STO_2020.pdf\" target=\"_BLANK\">CZ_Rozhodnuti &#8211; Walc\u00f3wka CELSAMAX B500SP wg STO_2020<\/a><\/div><\/div><div class=\"listado_row\"><div class=\"listado_element\"><a href=\"https:\/\/celsaho.com\/wp-content\/uploads\/2023\/12\/CZ_STO-Nr-070-046925_prety-B500SP.pdf\" target=\"_BLANK\">CZ_STO Nr 070-046925_pr\u0119ty B500SP<\/a><\/div><\/div><div class=\"listado_row\"><div class=\"listado_element\"><a href=\"https:\/\/celsaho.com\/wp-content\/uploads\/2023\/12\/CZ_STO-Nr-070-052056_walcowka-CELSAMAX-B500SP_b_.pdf\" target=\"_BLANK\">CZ_STO Nr 070-052056_walc\u00f3wka CELSAMAX B500SP_b_<\/a><\/div><\/div><div class=\"listado_row\"><div class=\"listado_element\"><a href=\"https:\/\/celsaho.com\/wp-content\/uploads\/2023\/12\/CZ_STO-Nr-070-056731_walcowka-B500B_B500SN.pdf\" target=\"_BLANK\">CZ_STO Nr 070-056731_walc\u00f3wka B500B_B500SN<\/a><\/div><\/div><div class=\"listado_row\"><div class=\"listado_element\"><a href=\"https:\/\/celsaho.com\/wp-content\/uploads\/2023\/12\/CZ_STO-Nr-070-057149_prety-B500B_B500SN-2023.pdf\" target=\"_BLANK\">CZ_STO Nr 070-057149_pr\u0119ty B500B_B500SN &#8211; 2023<\/a><\/div><\/div><div class=\"listado_row\"><div class=\"listado_element\"><a href=\"https:\/\/celsaho.com\/wp-content\/uploads\/2023\/12\/CZ_STO-Nr-070-057149_prety-B500B_B500SN.pdf\" target=\"_BLANK\">CZ_STO Nr 070-057149_pr\u0119ty B500B_B500SN<\/a><\/div><\/div><div class=\"listado_row\"><div class=\"listado_element\"><a href=\"https:\/\/celsaho.com\/wp-content\/uploads\/2023\/12\/DE_Nr-Z-1.1-235-Allgemeine-bauaufsichtliche-Zulassung-Warmgewalzter_-gerippter-Betonstabstahl-B500B.pdf\" target=\"_BLANK\">DE_Nr Z-1.1-235 Allgemeine bauaufsichtliche Zulassung Warmgewalzter_ gerippter Betonstabstahl B500B<\/a><\/div><\/div><div class=\"listado_row\"><div class=\"listado_element\"><a href=\"https:\/\/celsaho.com\/wp-content\/uploads\/2023\/12\/DE_Nr-Z-1.2-264-Allgemeine-bauaufsichtliche-Zulassung_Betonstahl-in-Ringen-B500B_gueltig-vom-1.-Oktober-2019.pdf\" target=\"_BLANK\">DE_Nr Z-1.2-264 Allgemeine bauaufsichtliche Zulassung_Betonstahl in Ringen B500B_gueltig vom 1. Oktober 2019<\/a><\/div><\/div><div class=\"listado_row\"><div class=\"listado_element\"><a href=\"https:\/\/celsaho.com\/wp-content\/uploads\/2023\/12\/DE_Nr-Z-1.2-278-Allgemeine-bauaufsichtliche-Zulassung_Betonstahl-in-Ringen-B500B-gueltig-vom-1.-September-2023.pdf\" target=\"_BLANK\">DE_Nr Z-1.2-278 Allgemeine bauaufsichtliche Zulassung_Betonstahl in Ringen B500B gueltig vom 1. September 2023<\/a><\/div><\/div><div class=\"listado_row\"><div class=\"listado_element\"><a href=\"https:\/\/celsaho.com\/wp-content\/uploads\/2023\/12\/DE_Nr-Z-1.2-278-Allgemeine-bauaufsichtliche-Zulassung_Betonstahl-in-Ringen-B500B.pdf\" target=\"_BLANK\">DE_Nr Z-1.2-278 Allgemeine bauaufsichtliche Zulassung_Betonstahl in Ringen B500B<\/a><\/div><\/div><div class=\"listado_row\"><div class=\"listado_element\"><a href=\"https:\/\/celsaho.com\/wp-content\/uploads\/2023\/12\/HU_A-80_2017-NTA_bars-grade-B500SP_coils-grade-CELSAMAX-B500SP.pdf\" target=\"_BLANK\">HU_A-80_2017 NTA_bars grade B500SP_coils grade CELSAMAX B500SP<\/a><\/div><\/div><div class=\"listado_row\"><div class=\"listado_element\"><a href=\"https:\/\/celsaho.com\/wp-content\/uploads\/2023\/12\/HU_A-221_2015-NTA_bars-grade-B500B.pdf\" target=\"_BLANK\">HU_A-221_2015 NTA_bars grade B500B<\/a><\/div><\/div><div class=\"listado_row\"><div class=\"listado_element\"><a href=\"https:\/\/celsaho.com\/wp-content\/uploads\/2023\/12\/PL_IBDiM-KOT-2021_0724-wyd-2_prety-i-walcowka-zebrow_gatunek-B600B.pdf\" target=\"_BLANK\">PL_IBDiM-KOT-2021_0724 wyd 2_pr\u0119ty i walc\u00f3wka \u017cebrow_gatunek B600B<\/a><\/div><\/div><div class=\"listado_row\"><div class=\"listado_element\"><a href=\"https:\/\/celsaho.com\/wp-content\/uploads\/2023\/12\/PL_ITB-KOT_2021_1866-wyd-1_prety-i-walcowka-zebrow_gatunek-B600B.pdf\" target=\"_BLANK\">PL_ITB-KOT_2021_1866 wyd 1_pr\u0119ty i walc\u00f3wka \u017cebrow_gatunek B600B<\/a><\/div><\/div><div class=\"listado_row\"><div class=\"listado_element\"><a href=\"https:\/\/celsaho.com\/wp-content\/uploads\/2023\/12\/RO_Agrement-Tehnic-No-001SB-01-468-2023_bars-B500SP.pdf\" target=\"_BLANK\">RO_Agrement Tehnic No 001SB-01-468-2023_bars B500SP<\/a><\/div><\/div><div class=\"listado_row\"><div class=\"listado_element\"><a href=\"https:\/\/celsaho.com\/wp-content\/uploads\/2023\/12\/RO_Agrement-Tehnic-No-001SB-01-469-2023_coils-CELSAMAX-B500SP.pdf\" target=\"_BLANK\">RO_Agrement Tehnic No 001SB-01-469-2023_coils CELSAMAX B500SP<\/a><\/div><\/div><div class=\"listado_row\"><div class=\"listado_element\"><a href=\"https:\/\/celsaho.com\/wp-content\/uploads\/2023\/12\/SK-TP-14_0034-walcowka-CELSAMAX-B500SP.pdf\" target=\"_BLANK\">SK TP &#8211; 14_0034  walc\u00f3wka CELSAMAX B500SP<\/a><\/div><\/div><div class=\"listado_row\"><div class=\"listado_element\"><a href=\"https:\/\/celsaho.com\/wp-content\/uploads\/2023\/12\/SK-TP-16_0146-prety-B500B-i-B500SP.pdf\" target=\"_BLANK\">SK TP &#8211; 16_0146 pr\u0119ty B500B i B500SP<\/a><\/div><\/div><div class=\"listado_row\"><div class=\"listado_element\"><a href=\"https:\/\/celsaho.com\/wp-content\/uploads\/2023\/12\/SK-TP-19_0072-walcowka-B500B.pdf\" target=\"_BLANK\">SK TP &#8211; 19_0072  walc\u00f3wka B500B<\/a><\/div><\/div><\/div>\n\t\t<\/div>\n\t\t\t\t\t<\/div>\n\n\t\n<\/div>\n\t\t<\/div>\n\n\t\t\n<style>\n#section_1368506800 {\n  padding-top: 0px;\n  padding-bottom: 0px;\n}\n<\/style>\n\t<\/section>\n\t\n\t<div id=\"gap-2137214609\" class=\"gap-element clearfix\" style=\"display:block; height:auto;\">\n\t\t\n<style>\n#gap-2137214609 {\n  padding-top: 100px;\n}\n<\/style>\n\t<\/div>\n\t\n","protected":false},"excerpt":{"rendered":"","protected":false},"author":1,"featured_media":0,"parent":398,"menu_order":0,"comment_status":"closed","ping_status":"closed","template":"page-transparent-header.php","meta":{"_acf_changed":false,"footnotes":""},"class_list":["post-3316","page","type-page","status-publish","hentry"],"acf":[],"yoast_head":"<!-- This site is optimized with the Yoast SEO plugin v27.1.1 - https:\/\/yoast.com\/product\/yoast-seo-wordpress\/ -->\n<title>National Technical Assessments - CELSA Huta Ostrowiec<\/title>\n<meta name=\"robots\" content=\"index, follow, max-snippet:-1, max-image-preview:large, max-video-preview:-1\" \/>\n<link rel=\"canonical\" href=\"https:\/\/celsaho.com\/en\/long-products\/national-technical-assessments\/\" \/>\n<meta property=\"og:locale\" content=\"en_US\" \/>\n<meta property=\"og:type\" content=\"article\" \/>\n<meta property=\"og:title\" content=\"National Technical Assessments - CELSA Huta Ostrowiec\" \/>\n<meta property=\"og:url\" content=\"https:\/\/celsaho.com\/en\/long-products\/national-technical-assessments\/\" \/>\n<meta property=\"og:site_name\" content=\"CELSA Huta Ostrowiec\" \/>\n<meta property=\"article:modified_time\" content=\"2024-01-03T11:54:34+00:00\" \/>\n<meta name=\"twitter:card\" content=\"summary_large_image\" \/>\n<meta name=\"twitter:label1\" content=\"Est. reading time\" \/>\n\t<meta name=\"twitter:data1\" content=\"3 minutes\" \/>\n<script type=\"application\/ld+json\" class=\"yoast-schema-graph\">{\"@context\":\"https:\/\/schema.org\",\"@graph\":[{\"@type\":\"WebPage\",\"@id\":\"https:\/\/celsaho.com\/en\/long-products\/national-technical-assessments\/\",\"url\":\"https:\/\/celsaho.com\/en\/long-products\/national-technical-assessments\/\",\"name\":\"National Technical Assessments - CELSA Huta Ostrowiec\",\"isPartOf\":{\"@id\":\"https:\/\/celsaho.com\/en\/#website\"},\"datePublished\":\"2023-12-21T14:34:32+00:00\",\"dateModified\":\"2024-01-03T11:54:34+00:00\",\"breadcrumb\":{\"@id\":\"https:\/\/celsaho.com\/en\/long-products\/national-technical-assessments\/#breadcrumb\"},\"inLanguage\":\"en-US\",\"potentialAction\":[{\"@type\":\"ReadAction\",\"target\":[\"https:\/\/celsaho.com\/en\/long-products\/national-technical-assessments\/\"]}]},{\"@type\":\"BreadcrumbList\",\"@id\":\"https:\/\/celsaho.com\/en\/long-products\/national-technical-assessments\/#breadcrumb\",\"itemListElement\":[{\"@type\":\"ListItem\",\"position\":1,\"name\":\"Home\",\"item\":\"https:\/\/celsaho.com\/en\/\"},{\"@type\":\"ListItem\",\"position\":2,\"name\":\"Long products\",\"item\":\"https:\/\/celsaho.com\/en\/long-products\/\"},{\"@type\":\"ListItem\",\"position\":3,\"name\":\"National Technical Assessments\"}]},{\"@type\":\"WebSite\",\"@id\":\"https:\/\/celsaho.com\/en\/#website\",\"url\":\"https:\/\/celsaho.com\/en\/\",\"name\":\"CELSA Huta Ostrowiec\",\"description\":\"\",\"potentialAction\":[{\"@type\":\"SearchAction\",\"target\":{\"@type\":\"EntryPoint\",\"urlTemplate\":\"https:\/\/celsaho.com\/en\/?s={search_term_string}\"},\"query-input\":{\"@type\":\"PropertyValueSpecification\",\"valueRequired\":true,\"valueName\":\"search_term_string\"}}],\"inLanguage\":\"en-US\"}]}<\/script>\n<!-- \/ Yoast SEO plugin. -->","yoast_head_json":{"title":"National Technical Assessments - CELSA Huta Ostrowiec","robots":{"index":"index","follow":"follow","max-snippet":"max-snippet:-1","max-image-preview":"max-image-preview:large","max-video-preview":"max-video-preview:-1"},"canonical":"https:\/\/celsaho.com\/en\/long-products\/national-technical-assessments\/","og_locale":"en_US","og_type":"article","og_title":"National Technical Assessments - CELSA Huta Ostrowiec","og_url":"https:\/\/celsaho.com\/en\/long-products\/national-technical-assessments\/","og_site_name":"CELSA Huta Ostrowiec","article_modified_time":"2024-01-03T11:54:34+00:00","twitter_card":"summary_large_image","twitter_misc":{"Est. reading time":"3 minutes"},"schema":{"@context":"https:\/\/schema.org","@graph":[{"@type":"WebPage","@id":"https:\/\/celsaho.com\/en\/long-products\/national-technical-assessments\/","url":"https:\/\/celsaho.com\/en\/long-products\/national-technical-assessments\/","name":"National Technical Assessments - CELSA Huta Ostrowiec","isPartOf":{"@id":"https:\/\/celsaho.com\/en\/#website"},"datePublished":"2023-12-21T14:34:32+00:00","dateModified":"2024-01-03T11:54:34+00:00","breadcrumb":{"@id":"https:\/\/celsaho.com\/en\/long-products\/national-technical-assessments\/#breadcrumb"},"inLanguage":"en-US","potentialAction":[{"@type":"ReadAction","target":["https:\/\/celsaho.com\/en\/long-products\/national-technical-assessments\/"]}]},{"@type":"BreadcrumbList","@id":"https:\/\/celsaho.com\/en\/long-products\/national-technical-assessments\/#breadcrumb","itemListElement":[{"@type":"ListItem","position":1,"name":"Home","item":"https:\/\/celsaho.com\/en\/"},{"@type":"ListItem","position":2,"name":"Long products","item":"https:\/\/celsaho.com\/en\/long-products\/"},{"@type":"ListItem","position":3,"name":"National Technical Assessments"}]},{"@type":"WebSite","@id":"https:\/\/celsaho.com\/en\/#website","url":"https:\/\/celsaho.com\/en\/","name":"CELSA Huta Ostrowiec","description":"","potentialAction":[{"@type":"SearchAction","target":{"@type":"EntryPoint","urlTemplate":"https:\/\/celsaho.com\/en\/?s={search_term_string}"},"query-input":{"@type":"PropertyValueSpecification","valueRequired":true,"valueName":"search_term_string"}}],"inLanguage":"en-US"}]}},"_links":{"self":[{"href":"https:\/\/celsaho.com\/en\/wp-json\/wp\/v2\/pages\/3316","targetHints":{"allow":["GET"]}}],"collection":[{"href":"https:\/\/celsaho.com\/en\/wp-json\/wp\/v2\/pages"}],"about":[{"href":"https:\/\/celsaho.com\/en\/wp-json\/wp\/v2\/types\/page"}],"author":[{"embeddable":true,"href":"https:\/\/celsaho.com\/en\/wp-json\/wp\/v2\/users\/1"}],"replies":[{"embeddable":true,"href":"https:\/\/celsaho.com\/en\/wp-json\/wp\/v2\/comments?post=3316"}],"version-history":[{"count":7,"href":"https:\/\/celsaho.com\/en\/wp-json\/wp\/v2\/pages\/3316\/revisions"}],"predecessor-version":[{"id":3831,"href":"https:\/\/celsaho.com\/en\/wp-json\/wp\/v2\/pages\/3316\/revisions\/3831"}],"up":[{"embeddable":true,"href":"https:\/\/celsaho.com\/en\/wp-json\/wp\/v2\/pages\/398"}],"wp:attachment":[{"href":"https:\/\/celsaho.com\/en\/wp-json\/wp\/v2\/media?parent=3316"}],"curies":[{"name":"wp","href":"https:\/\/api.w.org\/{rel}","templated":true}]}}