{"id":3600,"date":"2023-12-27T15:56:46","date_gmt":"2023-12-27T14:56:46","guid":{"rendered":"https:\/\/celsahuta.enproceso.es\/?page_id=3600"},"modified":"2025-02-19T10:06:20","modified_gmt":"2025-02-19T09:06:20","slug":"melting","status":"publish","type":"page","link":"https:\/\/celsaho.com\/en\/forge-products\/melting\/","title":{"rendered":"Melting"},"content":{"rendered":"\n  <div class=\"banner has-hover\" id=\"banner-402431823\">\n          <div class=\"banner-inner fill\">\n        <div class=\"banner-bg fill\" >\n            <img loading=\"lazy\" decoding=\"async\" width=\"2560\" height=\"1707\" src=\"https:\/\/celsaho.com\/wp-content\/uploads\/2023\/12\/forge_products-scaled.jpg\" class=\"bg attachment-original size-original\" alt=\"\" \/>                                    \n                    <\/div>\n\t\t\n        <div class=\"banner-layers container\">\n            <div class=\"fill banner-link\"><\/div>            \n   <div id=\"text-box-110888163\" class=\"text-box banner-layer x50 md-x50 lg-x50 y50 md-y50 lg-y50 res-text\">\n                                <div class=\"text-box-content text dark\">\n              \n              <div class=\"text-inner text-center\">\n                  \n\t<div id=\"text-167418659\" class=\"text slide-interiores\">\n\t\t\n<p>Forge Products<br \/>\n\t\t\t<\/div>\n\t\n              <\/div>\n           <\/div>\n                            \n<style>\n#text-box-110888163 {\n  width: 60%;\n}\n#text-box-110888163 .text-box-content {\n  font-size: 100%;\n}\n<\/style>\n    <\/div>\n \n        <\/div>\n      <\/div>\n\n            \n<style>\n#banner-402431823 {\n  padding-top: 358px;\n}\n#banner-402431823 .banner-bg img {\n  object-position: 94% 18%;\n}\n<\/style>\n  <\/div>\n\n\n\n\t<section class=\"section\" id=\"section_152670681\">\n\t\t<div class=\"section-bg fill\" >\n\t\t\t\t\t\t\t\t\t\n\t\t\t\n\n\t\t<\/div>\n\n\t\t\n\n\t\t<div class=\"section-content relative\">\n\t\t\t\n\t<div id=\"gap-745473728\" class=\"gap-element clearfix\" style=\"display:block; height:auto;\">\n\t\t\n<style>\n#gap-745473728 {\n  padding-top: 45px;\n}\n<\/style>\n\t<\/div>\n\t\n<div class=\"row\"  id=\"row-2090188768\">\n\n\t<div id=\"col-2030422347\" class=\"col medium-6 small-12 large-6\"  >\n\t\t\t\t<div class=\"col-inner\"  >\n\t\t\t\n\t\t\t\n\n<span><span><a href=\"https:\/\/celsaho.com\/en\/\">Home<\/a><\/span><\/span>\n\n\t\t<\/div>\n\t\t\t\t\t<\/div>\n\n\t\n\n\t<div id=\"col-567953634\" class=\"col medium-6 small-12 large-6\"  >\n\t\t\t\t<div class=\"col-inner\"  >\n\t\t\t\n\t\t\t\n\t<div id=\"text-370077178\" class=\"text p3\">\n\t\t\n<p style=\"text-align: right;\"><a href=\"\/forge-products\/\">&lt; BACK<\/a><\/p>\n\t\t\t<\/div>\n\t\n\t\t<\/div>\n\t\t\t\t\t<\/div>\n\n\t\n<\/div>\n\t\t<\/div>\n\n\t\t\n<style>\n#section_152670681 {\n  padding-top: 0px;\n  padding-bottom: 0px;\n}\n<\/style>\n\t<\/section>\n\t\n\n\t<section class=\"section\" id=\"section_1995380493\">\n\t\t<div class=\"section-bg fill\" >\n\t\t\t\t\t\t\t\t\t\n\t\t\t\n\n\t\t<\/div>\n\n\t\t\n\n\t\t<div class=\"section-content relative\">\n\t\t\t\n\t<div id=\"gap-70229606\" class=\"gap-element clearfix\" style=\"display:block; height:auto;\">\n\t\t\n<style>\n#gap-70229606 {\n  padding-top: 33px;\n}\n<\/style>\n\t<\/div>\n\t\n<div class=\"row\"  id=\"row-2012573561\">\n\n\t<div id=\"col-1734319163\" class=\"col small-12 large-12\"  >\n\t\t\t\t<div class=\"col-inner\"  >\n\t\t\t\n\t<div class=\"is-border\"\n\t\tstyle=\"border-width:0px 0px 0px 0px;\">\n\t<\/div>\n\t\t\t\n<h1>Melting<\/h1>\n\t\t<\/div>\n\t\t\t\t\n<style>\n#col-1734319163 > .col-inner {\n  padding: 0px 0px 0px 0px;\n}\n<\/style>\n\t<\/div>\n\n\t\n\n<style>\n#row-2012573561 > .col > .col-inner {\n  padding: 0px 0px 0px 0px;\n}\n<\/style>\n<\/div>\n<div class=\"row\"  id=\"row-855861771\">\n\n\t<div id=\"col-1446942955\" class=\"col small-12 large-12\"  >\n\t\t\t\t<div class=\"col-inner\"  >\n\t\t\t\n\t\t\t\n\t<div id=\"text-4060340954\" class=\"text p2\">\n\t\t\n<p class=\"pb-10px\">We have our own melt shop which is important for achieving the high-quality materials and flexible production that we offer.<br \/>We have over 300 steel grades in our assortment with custom adjustments on demand.<br \/>A flexible size range with ingot weights from 4 to 130 tonnes and heat sizes that can be adjusted as requested.<br \/>The steel production is scrap-based and uses scrap from the immediate area.<br \/>The scrap is selected to avoid residual elements like Lead that can be harmful for the properties of steel.<br \/>The steel making process is very complex and involves the following steps:<\/p>\n<div class=\"product-display col col-md-9 text-left\">\n<h4><b>The Forge Division Steel Shop is equipped with:<\/b><\/h4>\n<ul>\n<li>Electric arc furnace 75 Mg for melting the batch scrap powered by the 25 MVA transformer<\/li>\n<li>Ladle furnace 65 Mg for steel refining and completing the chemical components<\/li>\n<li>Vacuum degassing system where we receive pressure below 0,5 Tr. Obtained at the level of H2&lt; 0,8 ppm, O2 &lt; 20 ppm and N2<\/li>\n<li>Bottom casting with the full cover of the stream of steel<\/li>\n<\/ul>\n<\/div>\n<div class=\"product-display col col-md-9 text-left\">\n<h4><b>The range of ingots we can produce:<\/b><\/h4>\n<ul>\n<li>Square ingots WN 40, WN 75, WN 10\/12 and WN 19\/24 (flexible weight)<\/li>\n<li>Round ingots \u00f8610, \u00f8800, \u00f8820, \u00f81000, \u00f8120<\/li>\n<li>Flat ingots BN 73, BN 96, BN 110, BN 145<\/li>\n<li>Polygonal ingots from 4 up to 130 tons including flexible weight: Q 11\/15, Q 15\/20, Q 21\/29, Q 30\/38, Q 40\/50, Q 50\/65, P10 and P14<\/li>\n<\/ul>\n<\/div>\n\t\t\t<\/div>\n\t\n\t\t<\/div>\n\t\t\t\t\t<\/div>\n\n\t\n<\/div>\n\t\t<\/div>\n\n\t\t\n<style>\n#section_1995380493 {\n  padding-top: 0px;\n  padding-bottom: 0px;\n}\n<\/style>\n\t<\/section>\n\t\n\n\t<section class=\"section\" id=\"section_1675340004\">\n\t\t<div class=\"section-bg fill\" >\n\t\t\t\t\t\t\t\t\t\n\t\t\t\n\n\t\t<\/div>\n\n\t\t\n\n\t\t<div class=\"section-content relative\">\n\t\t\t\n\t<div id=\"gap-1956787612\" class=\"gap-element clearfix\" style=\"display:block; height:auto;\">\n\t\t\n<style>\n#gap-1956787612 {\n  padding-top: 50px;\n}\n@media (min-width:550px) {\n  #gap-1956787612 {\n    padding-top: 40px;\n  }\n}\n<\/style>\n\t<\/div>\n\t\n<div class=\"row\"  id=\"row-1263139495\">\n\n\t<div id=\"col-1135511605\" class=\"col medium-6 small-12 large-6\"  >\n\t\t\t\t<div class=\"col-inner\"  >\n\t\t\t\n\t\t\t\n\n  <div class=\"banner has-hover\" id=\"banner-1506258792\">\n          <div class=\"banner-inner fill\">\n        <div class=\"banner-bg fill\" >\n            <img loading=\"lazy\" decoding=\"async\" width=\"555\" height=\"370\" src=\"https:\/\/celsaho.com\/wp-content\/uploads\/2023\/12\/img1.jpg\" class=\"bg attachment-original size-original\" alt=\"\" \/>                                    \n                    <\/div>\n\t\t\n        <div class=\"banner-layers container\">\n            <div class=\"fill banner-link\"><\/div>            \n   <div id=\"text-box-1281484235\" class=\"text-box banner-layer x50 md-x50 lg-x50 y50 md-y50 lg-y50 res-text\">\n                                <div class=\"text-box-content text dark\">\n              \n              <div class=\"text-inner text-center\">\n                  \n              <\/div>\n           <\/div>\n                            \n<style>\n#text-box-1281484235 {\n  width: 60%;\n}\n#text-box-1281484235 .text-box-content {\n  font-size: 100%;\n}\n@media (min-width:550px) {\n  #text-box-1281484235 {\n    width: 60%;\n  }\n}\n<\/style>\n    <\/div>\n \n        <\/div>\n      <\/div>\n\n            \n<style>\n#banner-1506258792 {\n  padding-top: 400px;\n}\n#banner-1506258792 .banner-bg img {\n  object-position: 99% 60%;\n}\n<\/style>\n  <\/div>\n\n\n\t<div id=\"gap-2081541971\" class=\"gap-element clearfix show-for-small\" style=\"display:block; height:auto;\">\n\t\t\n<style>\n#gap-2081541971 {\n  padding-top: 20px;\n}\n@media (min-width:550px) {\n  #gap-2081541971 {\n    padding-top: 30px;\n  }\n}\n<\/style>\n\t<\/div>\n\t\n\t\t<\/div>\n\t\t\t\t\t<\/div>\n\n\t\n\n\t<div id=\"col-1448741649\" class=\"col medium-6 small-12 large-6\"  >\n\t\t\t\t<div class=\"col-inner\"  >\n\t\t\t\n\t\t\t\n\n  <div class=\"banner has-hover\" id=\"banner-986674930\">\n          <div class=\"banner-inner fill\">\n        <div class=\"banner-bg fill\" >\n            <img loading=\"lazy\" decoding=\"async\" width=\"555\" height=\"370\" src=\"https:\/\/celsaho.com\/wp-content\/uploads\/2023\/12\/img2.jpg\" class=\"bg attachment-large size-large\" alt=\"\" \/>                                    \n                    <\/div>\n\t\t\n        <div class=\"banner-layers container\">\n            <div class=\"fill banner-link\"><\/div>            \n   <div id=\"text-box-268159430\" class=\"text-box banner-layer x50 md-x50 lg-x50 y50 md-y50 lg-y50 res-text\">\n                                <div class=\"text-box-content text dark\">\n              \n              <div class=\"text-inner text-center\">\n                  \n              <\/div>\n           <\/div>\n                            \n<style>\n#text-box-268159430 {\n  width: 60%;\n}\n#text-box-268159430 .text-box-content {\n  font-size: 100%;\n}\n@media (min-width:550px) {\n  #text-box-268159430 {\n    width: 60%;\n  }\n}\n<\/style>\n    <\/div>\n \n        <\/div>\n      <\/div>\n\n            \n<style>\n#banner-986674930 {\n  padding-top: 400px;\n}\n#banner-986674930 .banner-bg img {\n  object-position: 51% 100%;\n}\n<\/style>\n  <\/div>\n\n\n\t\t<\/div>\n\t\t\t\t\t<\/div>\n\n\t\n<\/div>\n\t\t<\/div>\n\n\t\t\n<style>\n#section_1675340004 {\n  padding-top: 0px;\n  padding-bottom: 0px;\n}\n<\/style>\n\t<\/section>\n\t\n\n\t<section class=\"section\" id=\"section_107902299\">\n\t\t<div class=\"section-bg fill\" >\n\t\t\t\t\t\t\t\t\t\n\t\t\t\n\n\t\t<\/div>\n\n\t\t\n\n\t\t<div class=\"section-content relative\">\n\t\t\t\n<div class=\"row\"  id=\"row-1076575167\">\n\n\t<div id=\"col-1127720420\" class=\"col small-12 large-12\"  >\n\t\t\t\t<div class=\"col-inner\"  >\n\t\t\t\n\t\t\t\n\t<div id=\"gap-1978239207\" class=\"gap-element clearfix\" style=\"display:block; height:auto;\">\n\t\t\n<style>\n#gap-1978239207 {\n  padding-top: 100px;\n}\n<\/style>\n\t<\/div>\n\t\n\t\t<\/div>\n\t\t\t\t\n<style>\n#col-1127720420 > .col-inner {\n  padding: 0px 0px 0px 0px;\n}\n<\/style>\n\t<\/div>\n\n\t\n<\/div>\n\t\t<\/div>\n\n\t\t\n<style>\n#section_107902299 {\n  padding-top: 0px;\n  padding-bottom: 0px;\n}\n<\/style>\n\t<\/section>\n\t\n","protected":false},"excerpt":{"rendered":"","protected":false},"author":1,"featured_media":0,"parent":2965,"menu_order":0,"comment_status":"closed","ping_status":"closed","template":"page-transparent-header.php","meta":{"_acf_changed":false,"footnotes":""},"class_list":["post-3600","page","type-page","status-publish","hentry"],"acf":[],"yoast_head":"<!-- This site is optimized with the Yoast SEO plugin v27.1.1 - https:\/\/yoast.com\/product\/yoast-seo-wordpress\/ -->\n<title>Melting - CELSA Huta Ostrowiec<\/title>\n<meta name=\"robots\" content=\"index, follow, max-snippet:-1, max-image-preview:large, max-video-preview:-1\" \/>\n<link rel=\"canonical\" href=\"https:\/\/celsaho.com\/en\/forge-products\/melting\/\" \/>\n<meta property=\"og:locale\" content=\"en_US\" \/>\n<meta property=\"og:type\" content=\"article\" \/>\n<meta property=\"og:title\" content=\"Melting - CELSA Huta Ostrowiec\" \/>\n<meta property=\"og:url\" content=\"https:\/\/celsaho.com\/en\/forge-products\/melting\/\" \/>\n<meta property=\"og:site_name\" content=\"CELSA Huta Ostrowiec\" \/>\n<meta property=\"article:modified_time\" content=\"2025-02-19T09:06:20+00:00\" \/>\n<meta name=\"twitter:card\" content=\"summary_large_image\" \/>\n<meta name=\"twitter:label1\" content=\"Est. reading time\" \/>\n\t<meta name=\"twitter:data1\" content=\"1 minute\" \/>\n<script type=\"application\/ld+json\" class=\"yoast-schema-graph\">{\"@context\":\"https:\/\/schema.org\",\"@graph\":[{\"@type\":\"WebPage\",\"@id\":\"https:\/\/celsaho.com\/en\/forge-products\/melting\/\",\"url\":\"https:\/\/celsaho.com\/en\/forge-products\/melting\/\",\"name\":\"Melting - CELSA Huta Ostrowiec\",\"isPartOf\":{\"@id\":\"https:\/\/celsaho.com\/en\/#website\"},\"datePublished\":\"2023-12-27T14:56:46+00:00\",\"dateModified\":\"2025-02-19T09:06:20+00:00\",\"breadcrumb\":{\"@id\":\"https:\/\/celsaho.com\/en\/forge-products\/melting\/#breadcrumb\"},\"inLanguage\":\"en-US\",\"potentialAction\":[{\"@type\":\"ReadAction\",\"target\":[\"https:\/\/celsaho.com\/en\/forge-products\/melting\/\"]}]},{\"@type\":\"BreadcrumbList\",\"@id\":\"https:\/\/celsaho.com\/en\/forge-products\/melting\/#breadcrumb\",\"itemListElement\":[{\"@type\":\"ListItem\",\"position\":1,\"name\":\"Home\",\"item\":\"https:\/\/celsaho.com\/en\/\"},{\"@type\":\"ListItem\",\"position\":2,\"name\":\"Forge products\",\"item\":\"https:\/\/celsaho.com\/en\/forge-products\/\"},{\"@type\":\"ListItem\",\"position\":3,\"name\":\"Melting\"}]},{\"@type\":\"WebSite\",\"@id\":\"https:\/\/celsaho.com\/en\/#website\",\"url\":\"https:\/\/celsaho.com\/en\/\",\"name\":\"CELSA Huta Ostrowiec\",\"description\":\"\",\"potentialAction\":[{\"@type\":\"SearchAction\",\"target\":{\"@type\":\"EntryPoint\",\"urlTemplate\":\"https:\/\/celsaho.com\/en\/?s={search_term_string}\"},\"query-input\":{\"@type\":\"PropertyValueSpecification\",\"valueRequired\":true,\"valueName\":\"search_term_string\"}}],\"inLanguage\":\"en-US\"}]}<\/script>\n<!-- \/ Yoast SEO plugin. -->","yoast_head_json":{"title":"Melting - CELSA Huta Ostrowiec","robots":{"index":"index","follow":"follow","max-snippet":"max-snippet:-1","max-image-preview":"max-image-preview:large","max-video-preview":"max-video-preview:-1"},"canonical":"https:\/\/celsaho.com\/en\/forge-products\/melting\/","og_locale":"en_US","og_type":"article","og_title":"Melting - CELSA Huta Ostrowiec","og_url":"https:\/\/celsaho.com\/en\/forge-products\/melting\/","og_site_name":"CELSA Huta Ostrowiec","article_modified_time":"2025-02-19T09:06:20+00:00","twitter_card":"summary_large_image","twitter_misc":{"Est. reading time":"1 minute"},"schema":{"@context":"https:\/\/schema.org","@graph":[{"@type":"WebPage","@id":"https:\/\/celsaho.com\/en\/forge-products\/melting\/","url":"https:\/\/celsaho.com\/en\/forge-products\/melting\/","name":"Melting - CELSA Huta Ostrowiec","isPartOf":{"@id":"https:\/\/celsaho.com\/en\/#website"},"datePublished":"2023-12-27T14:56:46+00:00","dateModified":"2025-02-19T09:06:20+00:00","breadcrumb":{"@id":"https:\/\/celsaho.com\/en\/forge-products\/melting\/#breadcrumb"},"inLanguage":"en-US","potentialAction":[{"@type":"ReadAction","target":["https:\/\/celsaho.com\/en\/forge-products\/melting\/"]}]},{"@type":"BreadcrumbList","@id":"https:\/\/celsaho.com\/en\/forge-products\/melting\/#breadcrumb","itemListElement":[{"@type":"ListItem","position":1,"name":"Home","item":"https:\/\/celsaho.com\/en\/"},{"@type":"ListItem","position":2,"name":"Forge products","item":"https:\/\/celsaho.com\/en\/forge-products\/"},{"@type":"ListItem","position":3,"name":"Melting"}]},{"@type":"WebSite","@id":"https:\/\/celsaho.com\/en\/#website","url":"https:\/\/celsaho.com\/en\/","name":"CELSA Huta Ostrowiec","description":"","potentialAction":[{"@type":"SearchAction","target":{"@type":"EntryPoint","urlTemplate":"https:\/\/celsaho.com\/en\/?s={search_term_string}"},"query-input":{"@type":"PropertyValueSpecification","valueRequired":true,"valueName":"search_term_string"}}],"inLanguage":"en-US"}]}},"_links":{"self":[{"href":"https:\/\/celsaho.com\/en\/wp-json\/wp\/v2\/pages\/3600","targetHints":{"allow":["GET"]}}],"collection":[{"href":"https:\/\/celsaho.com\/en\/wp-json\/wp\/v2\/pages"}],"about":[{"href":"https:\/\/celsaho.com\/en\/wp-json\/wp\/v2\/types\/page"}],"author":[{"embeddable":true,"href":"https:\/\/celsaho.com\/en\/wp-json\/wp\/v2\/users\/1"}],"replies":[{"embeddable":true,"href":"https:\/\/celsaho.com\/en\/wp-json\/wp\/v2\/comments?post=3600"}],"version-history":[{"count":10,"href":"https:\/\/celsaho.com\/en\/wp-json\/wp\/v2\/pages\/3600\/revisions"}],"predecessor-version":[{"id":5106,"href":"https:\/\/celsaho.com\/en\/wp-json\/wp\/v2\/pages\/3600\/revisions\/5106"}],"up":[{"embeddable":true,"href":"https:\/\/celsaho.com\/en\/wp-json\/wp\/v2\/pages\/2965"}],"wp:attachment":[{"href":"https:\/\/celsaho.com\/en\/wp-json\/wp\/v2\/media?parent=3600"}],"curies":[{"name":"wp","href":"https:\/\/api.w.org\/{rel}","templated":true}]}}