{"id":5166,"date":"2025-03-07T08:52:44","date_gmt":"2025-03-07T07:52:44","guid":{"rendered":"https:\/\/celsaho.com\/?page_id=5166"},"modified":"2025-03-07T09:28:59","modified_gmt":"2025-03-07T08:28:59","slug":"declarations","status":"publish","type":"page","link":"https:\/\/celsaho.com\/en\/long-products\/declarations\/","title":{"rendered":"Declarations"},"content":{"rendered":"\n  <div class=\"banner has-hover\" id=\"banner-990649508\">\n          <div class=\"banner-inner fill\">\n        <div class=\"banner-bg fill\" >\n            <img loading=\"lazy\" decoding=\"async\" width=\"2560\" height=\"1707\" src=\"https:\/\/celsaho.com\/wp-content\/uploads\/2023\/12\/certificates-scaled.jpg\" class=\"bg attachment-original size-original\" alt=\"\" \/>                                    \n                    <\/div>\n\t\t\n        <div class=\"banner-layers container\">\n            <div class=\"fill banner-link\"><\/div>            \n   <div id=\"text-box-1684854354\" class=\"text-box banner-layer x50 md-x50 lg-x50 y50 md-y50 lg-y50 res-text\">\n                                <div class=\"text-box-content text dark\">\n              \n              <div class=\"text-inner text-center\">\n                  \n\t<div id=\"text-204693284\" class=\"text slide-interiores\">\n\t\t\n<p>Long products<\/p>\n\t\t\t<\/div>\n\t\n              <\/div>\n           <\/div>\n                            \n<style>\n#text-box-1684854354 {\n  width: 60%;\n}\n#text-box-1684854354 .text-box-content {\n  font-size: 100%;\n}\n<\/style>\n    <\/div>\n \n        <\/div>\n      <\/div>\n\n            \n<style>\n#banner-990649508 {\n  padding-top: 358px;\n}\n#banner-990649508 .banner-bg img {\n  object-position: 54% 33%;\n}\n<\/style>\n  <\/div>\n\n\n\n\t<section class=\"section\" id=\"section_689165539\">\n\t\t<div class=\"section-bg fill\" >\n\t\t\t\t\t\t\t\t\t\n\t\t\t\n\n\t\t<\/div>\n\n\t\t\n\n\t\t<div class=\"section-content relative\">\n\t\t\t\n\t<div id=\"gap-233164759\" class=\"gap-element clearfix\" style=\"display:block; height:auto;\">\n\t\t\n<style>\n#gap-233164759 {\n  padding-top: 45px;\n}\n<\/style>\n\t<\/div>\n\t\n<div class=\"row\"  id=\"row-144390949\">\n\n\t<div id=\"col-418175434\" class=\"col medium-6 small-12 large-6\"  >\n\t\t\t\t<div class=\"col-inner\"  >\n\t\t\t\n\t\t\t\n\n<span><span><a href=\"https:\/\/celsaho.com\/en\/\">Home<\/a><\/span><\/span>\n\n\t\t<\/div>\n\t\t\t\t\t<\/div>\n\n\t\n<\/div>\n\t\t<\/div>\n\n\t\t\n<style>\n#section_689165539 {\n  padding-top: 0px;\n  padding-bottom: 0px;\n}\n<\/style>\n\t<\/section>\n\t\n\n\t<section class=\"section\" id=\"section_1808111382\">\n\t\t<div class=\"section-bg fill\" >\n\t\t\t\t\t\t\t\t\t\n\t\t\t\n\n\t\t<\/div>\n\n\t\t\n\n\t\t<div class=\"section-content relative\">\n\t\t\t\n\t<div id=\"gap-1960084862\" class=\"gap-element clearfix\" style=\"display:block; height:auto;\">\n\t\t\n<style>\n#gap-1960084862 {\n  padding-top: 34px;\n}\n<\/style>\n\t<\/div>\n\t\n<div class=\"row\"  id=\"row-848270691\">\n\n\t<div id=\"col-2122169339\" class=\"col small-12 large-12\"  >\n\t\t\t\t<div class=\"col-inner\"  >\n\t\t\t\n\t<div class=\"is-border\"\n\t\tstyle=\"border-width:0px 0px 0px 0px;\">\n\t<\/div>\n\t\t\t\n<h1>Certificates<\/h1>\n\t\t<\/div>\n\t\t\t\t\n<style>\n#col-2122169339 > .col-inner {\n  padding: 0px 0px 0px 0px;\n}\n<\/style>\n\t<\/div>\n\n\t\n\n<style>\n#row-848270691 > .col > .col-inner {\n  padding: 0px 0px 0px 0px;\n}\n<\/style>\n<\/div>\n<div class=\"row\"  id=\"row-1341718150\">\n\n\t<div id=\"col-1583226591\" class=\"col small-12 large-12\"  >\n\t\t\t\t<div class=\"col-inner\"  >\n\t\t\t\n\t\t\t\n<div class=\"listado_wrapper\"><h2> Declarations<\/h2><div class=\"listado_row\"><div class=\"listado_element\"><a href=\"https:\/\/celsaho.com\/wp-content\/uploads\/2025\/03\/EPD1-1.pdf\" target=\"_BLANK\">EPD1-1<\/a><\/div><\/div><div class=\"listado_row\"><div class=\"listado_element\"><a href=\"https:\/\/celsaho.com\/wp-content\/uploads\/2025\/03\/EPD2.pdf\" target=\"_BLANK\">EPD2<\/a><\/div><\/div><div class=\"listado_row\"><div class=\"listado_element\"><a href=\"https:\/\/celsaho.com\/wp-content\/uploads\/2025\/03\/EPD2-2.pdf\" target=\"_BLANK\">EPD2-2<\/a><\/div><\/div><div class=\"listado_row\"><div class=\"listado_element\"><a href=\"https:\/\/celsaho.com\/wp-content\/uploads\/2025\/03\/EPD1.pdf\" target=\"_BLANK\">EPD1<\/a><\/div><\/div><div class=\"listado_row\"><div class=\"listado_element\"><a href=\"https:\/\/celsaho.com\/wp-content\/uploads\/2025\/10\/CZ_PROHLASENI-O-VLASTNOSTECH-c.-09_2025.pdf\" target=\"_BLANK\">CZ_PROHLASENI O VLASTNOSTECH c. 09_2025<\/a><\/div><\/div><div class=\"listado_row\"><div class=\"listado_element\"><a href=\"https:\/\/celsaho.com\/wp-content\/uploads\/2025\/10\/DE_LEISTUNGSERKLARUNG-Nr-09_2025.pdf\" target=\"_BLANK\">DE_LEISTUNGSERKL\u00c4RUNG Nr 09_2025<\/a><\/div><\/div><div class=\"listado_row\"><div class=\"listado_element\"><a href=\"https:\/\/celsaho.com\/wp-content\/uploads\/2025\/10\/EN_DECLARATION-OF-PERFORMANCE-No-09_2025.pdf\" target=\"_BLANK\">EN_DECLARATION OF PERFORMANCE No 09_2025<\/a><\/div><\/div><div class=\"listado_row\"><div class=\"listado_element\"><a href=\"https:\/\/celsaho.com\/wp-content\/uploads\/2025\/10\/HR_IZJAVA-O-SVOJSTVIMA-Br.-09_2025.pdf\" target=\"_BLANK\">HR_IZJAVA O SVOJSTVIMA Br. 09_2025<\/a><\/div><\/div><div class=\"listado_row\"><div class=\"listado_element\"><a href=\"https:\/\/celsaho.com\/wp-content\/uploads\/2025\/10\/HU_TELJESITMENYNYILATKOZAT-Sz.-09_2025.pdf\" target=\"_BLANK\">HU_TELJESITMENYNYILATKOZAT Sz. 09_2025<\/a><\/div><\/div><div class=\"listado_row\"><div class=\"listado_element\"><a href=\"https:\/\/celsaho.com\/wp-content\/uploads\/2025\/10\/LT_EKSPLOATACINIU-SAVYBIU-DEKLARACIJA-Nr-09_2025.pdf\" target=\"_BLANK\">LT_EKSPLOATACINIU SAVYBIU DEKLARACIJA Nr 09_2025<\/a><\/div><\/div><div class=\"listado_row\"><div class=\"listado_element\"><a href=\"https:\/\/celsaho.com\/wp-content\/uploads\/2025\/10\/LV_EKSPLUATACIJAS-IPASIBU-DEKLARACIJA-Nr-09_2025.pdf\" target=\"_BLANK\">LV_EKSPLUATACIJAS IPA\u0160IBU DEKLARACIJA Nr 09_2025<\/a><\/div><\/div><div class=\"listado_row\"><div class=\"listado_element\"><a href=\"https:\/\/celsaho.com\/wp-content\/uploads\/2025\/10\/PL_DEKLARACJA-WLASCIWOSCI-UZYTKOWYCH-NR-09_2025-1.pdf\" target=\"_BLANK\">PL_DEKLARACJA W\u0141A\u015aCIWO\u015aCI U\u017bYTKOWYCH NR 09_2025<\/a><\/div><\/div><div class=\"listado_row\"><div class=\"listado_element\"><a href=\"https:\/\/celsaho.com\/wp-content\/uploads\/2025\/10\/PL_Krajowa-Deklaracja-Wlasciwosci-Uzytkowych-Nr-07_2025-KZ-B600B-ITB.pdf\" target=\"_BLANK\">PL_Krajowa Deklaracja W\u0142a\u015bciwo\u015bci U\u017cytkowych Nr 07_2025 K\u017b B600B ITB<\/a><\/div><\/div><div class=\"listado_row\"><div class=\"listado_element\"><a href=\"https:\/\/celsaho.com\/wp-content\/uploads\/2025\/10\/PL_Krajowa-Deklaracja-Wlasciwosci-Uzytkowych-Nr-08_2025-KZ-B600B-IBDiM.pdf\" target=\"_BLANK\">PL_Krajowa Deklaracja W\u0142a\u015bciwo\u015bci U\u017cytkowych Nr 08_2025 K\u017b B600B IBDiM<\/a><\/div><\/div><div class=\"listado_row\"><div class=\"listado_element\"><a href=\"https:\/\/celsaho.com\/wp-content\/uploads\/2025\/10\/RO_DECLARATIA-DE-PERFORMATA-Nr-09_2025.pdf\" target=\"_BLANK\">RO_DECLARATIA DE PERFORMATA Nr 09_2025<\/a><\/div><\/div><div class=\"listado_row\"><div class=\"listado_element\"><a href=\"https:\/\/celsaho.com\/wp-content\/uploads\/2025\/10\/SK_VYHLASENIE-O-PARAMETROCH-c.-09_2025.pdf\" target=\"_BLANK\">SK_VYHLASENIE O PARAMETROCH c. 09_2025<\/a><\/div><\/div><div class=\"listado_row\"><div class=\"listado_element\"><a href=\"https:\/\/celsaho.com\/wp-content\/uploads\/2025\/10\/UK_DECLARATION-OF-PERFORMANCE-No-UKCA-09_2025.pdf\" target=\"_BLANK\">UK_DECLARATION OF PERFORMANCE No UKCA 09_2025<\/a><\/div><\/div><div class=\"listado_row\"><div class=\"listado_element\"><a href=\"https:\/\/celsaho.com\/wp-content\/uploads\/2026\/02\/PL_Krajowa-Deklaracja-Wlasciwosci-Uzytkowych-Nr-02_2026-KZ-B500SN.pdf\" target=\"_BLANK\">PL_Krajowa Deklaracja W\u0142a\u015bciwo\u015bci U\u017cytkowych Nr 02_2026 K\u017b B500SN<\/a><\/div><\/div><div class=\"listado_row\"><div class=\"listado_element\"><a href=\"https:\/\/celsaho.com\/wp-content\/uploads\/2026\/02\/PL_Krajowa-Deklaracja-Wlasciwosci-Uzytkowych-Nr-03_2026-PZ-B500SN.pdf\" target=\"_BLANK\">PL_Krajowa Deklaracja W\u0142a\u015bciwo\u015bci U\u017cytkowych Nr 03_2026 P\u017b B500SN<\/a><\/div><\/div><div class=\"listado_row\"><div class=\"listado_element\"><a href=\"https:\/\/celsaho.com\/wp-content\/uploads\/2026\/02\/PL_Krajowa-Deklaracja-Wlasciwosci-Uzytkowych-Nr-04_2026-KZ-B500SP.pdf\" target=\"_BLANK\">PL_Krajowa Deklaracja W\u0142a\u015bciwo\u015bci U\u017cytkowych Nr 04_2026 K\u017b B500SP<\/a><\/div><\/div><div class=\"listado_row\"><div class=\"listado_element\"><a href=\"https:\/\/celsaho.com\/wp-content\/uploads\/2026\/02\/PL_Krajowa-Deklaracja-Wlasciwosci-Uzytkowych-Nr-05_2026-PZ-B500SP.pdf\" target=\"_BLANK\">PL_Krajowa Deklaracja W\u0142a\u015bciwo\u015bci U\u017cytkowych Nr 05_2026 P\u017b B500SP<\/a><\/div><\/div><div class=\"listado_row\"><div class=\"listado_element\"><a href=\"https:\/\/celsaho.com\/wp-content\/uploads\/2026\/03\/Instrukcja-obslugi-i-bezpieczenstwa-dla-wyrobow-CHO.pdf\" target=\"_BLANK\">Instrukcja obs\u0142ugi i bezpiecze\u0144stwa dla wyrob\u00f3w CHO<\/a><\/div><\/div><\/div>\n\t<div id=\"gap-913686817\" class=\"gap-element clearfix\" style=\"display:block; height:auto;\">\n\t\t\n<style>\n#gap-913686817 {\n  padding-top: 100px;\n}\n<\/style>\n\t<\/div>\n\t\n\t\t<\/div>\n\t\t\t\t\t<\/div>\n\n\t\n<\/div>\n\t\t<\/div>\n\n\t\t\n<style>\n#section_1808111382 {\n  padding-top: 0px;\n  padding-bottom: 0px;\n}\n<\/style>\n\t<\/section>\n\t\n","protected":false},"excerpt":{"rendered":"","protected":false},"author":1,"featured_media":0,"parent":398,"menu_order":0,"comment_status":"closed","ping_status":"closed","template":"page-transparent-header.php","meta":{"_acf_changed":false,"footnotes":""},"class_list":["post-5166","page","type-page","status-publish","hentry"],"acf":[],"yoast_head":"<!-- This site is optimized with the Yoast SEO plugin v27.1.1 - https:\/\/yoast.com\/product\/yoast-seo-wordpress\/ -->\n<title>Declarations - CELSA Huta Ostrowiec<\/title>\n<meta name=\"robots\" content=\"index, follow, max-snippet:-1, max-image-preview:large, max-video-preview:-1\" \/>\n<link rel=\"canonical\" href=\"https:\/\/celsaho.com\/en\/long-products\/declarations\/\" \/>\n<meta property=\"og:locale\" content=\"en_US\" \/>\n<meta property=\"og:type\" content=\"article\" \/>\n<meta property=\"og:title\" content=\"Declarations - CELSA Huta Ostrowiec\" \/>\n<meta property=\"og:url\" content=\"https:\/\/celsaho.com\/en\/long-products\/declarations\/\" \/>\n<meta property=\"og:site_name\" content=\"CELSA Huta Ostrowiec\" \/>\n<meta property=\"article:modified_time\" content=\"2025-03-07T08:28:59+00:00\" \/>\n<meta name=\"twitter:card\" content=\"summary_large_image\" \/>\n<meta name=\"twitter:label1\" content=\"Est. reading time\" \/>\n\t<meta name=\"twitter:data1\" content=\"3 minutes\" \/>\n<script type=\"application\/ld+json\" class=\"yoast-schema-graph\">{\"@context\":\"https:\/\/schema.org\",\"@graph\":[{\"@type\":\"WebPage\",\"@id\":\"https:\/\/celsaho.com\/en\/long-products\/declarations\/\",\"url\":\"https:\/\/celsaho.com\/en\/long-products\/declarations\/\",\"name\":\"Declarations - CELSA Huta Ostrowiec\",\"isPartOf\":{\"@id\":\"https:\/\/celsaho.com\/en\/#website\"},\"datePublished\":\"2025-03-07T07:52:44+00:00\",\"dateModified\":\"2025-03-07T08:28:59+00:00\",\"breadcrumb\":{\"@id\":\"https:\/\/celsaho.com\/en\/long-products\/declarations\/#breadcrumb\"},\"inLanguage\":\"en-US\",\"potentialAction\":[{\"@type\":\"ReadAction\",\"target\":[\"https:\/\/celsaho.com\/en\/long-products\/declarations\/\"]}]},{\"@type\":\"BreadcrumbList\",\"@id\":\"https:\/\/celsaho.com\/en\/long-products\/declarations\/#breadcrumb\",\"itemListElement\":[{\"@type\":\"ListItem\",\"position\":1,\"name\":\"Home\",\"item\":\"https:\/\/celsaho.com\/en\/\"},{\"@type\":\"ListItem\",\"position\":2,\"name\":\"Long products\",\"item\":\"https:\/\/celsaho.com\/en\/long-products\/\"},{\"@type\":\"ListItem\",\"position\":3,\"name\":\"Declarations\"}]},{\"@type\":\"WebSite\",\"@id\":\"https:\/\/celsaho.com\/en\/#website\",\"url\":\"https:\/\/celsaho.com\/en\/\",\"name\":\"CELSA Huta Ostrowiec\",\"description\":\"\",\"potentialAction\":[{\"@type\":\"SearchAction\",\"target\":{\"@type\":\"EntryPoint\",\"urlTemplate\":\"https:\/\/celsaho.com\/en\/?s={search_term_string}\"},\"query-input\":{\"@type\":\"PropertyValueSpecification\",\"valueRequired\":true,\"valueName\":\"search_term_string\"}}],\"inLanguage\":\"en-US\"}]}<\/script>\n<!-- \/ Yoast SEO plugin. -->","yoast_head_json":{"title":"Declarations - CELSA Huta Ostrowiec","robots":{"index":"index","follow":"follow","max-snippet":"max-snippet:-1","max-image-preview":"max-image-preview:large","max-video-preview":"max-video-preview:-1"},"canonical":"https:\/\/celsaho.com\/en\/long-products\/declarations\/","og_locale":"en_US","og_type":"article","og_title":"Declarations - CELSA Huta Ostrowiec","og_url":"https:\/\/celsaho.com\/en\/long-products\/declarations\/","og_site_name":"CELSA Huta Ostrowiec","article_modified_time":"2025-03-07T08:28:59+00:00","twitter_card":"summary_large_image","twitter_misc":{"Est. reading time":"3 minutes"},"schema":{"@context":"https:\/\/schema.org","@graph":[{"@type":"WebPage","@id":"https:\/\/celsaho.com\/en\/long-products\/declarations\/","url":"https:\/\/celsaho.com\/en\/long-products\/declarations\/","name":"Declarations - CELSA Huta Ostrowiec","isPartOf":{"@id":"https:\/\/celsaho.com\/en\/#website"},"datePublished":"2025-03-07T07:52:44+00:00","dateModified":"2025-03-07T08:28:59+00:00","breadcrumb":{"@id":"https:\/\/celsaho.com\/en\/long-products\/declarations\/#breadcrumb"},"inLanguage":"en-US","potentialAction":[{"@type":"ReadAction","target":["https:\/\/celsaho.com\/en\/long-products\/declarations\/"]}]},{"@type":"BreadcrumbList","@id":"https:\/\/celsaho.com\/en\/long-products\/declarations\/#breadcrumb","itemListElement":[{"@type":"ListItem","position":1,"name":"Home","item":"https:\/\/celsaho.com\/en\/"},{"@type":"ListItem","position":2,"name":"Long products","item":"https:\/\/celsaho.com\/en\/long-products\/"},{"@type":"ListItem","position":3,"name":"Declarations"}]},{"@type":"WebSite","@id":"https:\/\/celsaho.com\/en\/#website","url":"https:\/\/celsaho.com\/en\/","name":"CELSA Huta Ostrowiec","description":"","potentialAction":[{"@type":"SearchAction","target":{"@type":"EntryPoint","urlTemplate":"https:\/\/celsaho.com\/en\/?s={search_term_string}"},"query-input":{"@type":"PropertyValueSpecification","valueRequired":true,"valueName":"search_term_string"}}],"inLanguage":"en-US"}]}},"_links":{"self":[{"href":"https:\/\/celsaho.com\/en\/wp-json\/wp\/v2\/pages\/5166","targetHints":{"allow":["GET"]}}],"collection":[{"href":"https:\/\/celsaho.com\/en\/wp-json\/wp\/v2\/pages"}],"about":[{"href":"https:\/\/celsaho.com\/en\/wp-json\/wp\/v2\/types\/page"}],"author":[{"embeddable":true,"href":"https:\/\/celsaho.com\/en\/wp-json\/wp\/v2\/users\/1"}],"replies":[{"embeddable":true,"href":"https:\/\/celsaho.com\/en\/wp-json\/wp\/v2\/comments?post=5166"}],"version-history":[{"count":3,"href":"https:\/\/celsaho.com\/en\/wp-json\/wp\/v2\/pages\/5166\/revisions"}],"predecessor-version":[{"id":5175,"href":"https:\/\/celsaho.com\/en\/wp-json\/wp\/v2\/pages\/5166\/revisions\/5175"}],"up":[{"embeddable":true,"href":"https:\/\/celsaho.com\/en\/wp-json\/wp\/v2\/pages\/398"}],"wp:attachment":[{"href":"https:\/\/celsaho.com\/en\/wp-json\/wp\/v2\/media?parent=5166"}],"curies":[{"name":"wp","href":"https:\/\/api.w.org\/{rel}","templated":true}]}}